{"id":1159,"date":"2023-07-03T20:32:09","date_gmt":"2023-07-03T18:32:09","guid":{"rendered":"https:\/\/blog.simons-voss.com\/contact\/"},"modified":"2024-12-11T12:44:43","modified_gmt":"2024-12-11T11:44:43","slug":"contact","status":"publish","type":"page","link":"https:\/\/blog.simons-voss.com\/nl\/contact\/","title":{"rendered":"Contact"},"content":{"rendered":"<p>[et_pb_section fb_built=&#8221;1&#8243; _builder_version=&#8221;4.16&#8243; _module_preset=&#8221;default&#8221; global_colors_info=&#8221;{}&#8221;][et_pb_row _builder_version=&#8221;4.16&#8243; _module_preset=&#8221;default&#8221; global_colors_info=&#8221;{}&#8221;][et_pb_column type=&#8221;4_4&#8243; _builder_version=&#8221;4.16&#8243; _module_preset=&#8221;default&#8221; global_colors_info=&#8221;{}&#8221;][et_pb_text _builder_version=&#8221;4.16&#8243; _module_preset=&#8221;default&#8221; header_text_color=&#8221;gcid-91d04bb3-64d6-4a61-af09-db70abd760f1&#8243; header_font_size=&#8221;40px&#8221; global_colors_info=&#8221;{%22gcid-91d04bb3-64d6-4a61-af09-db70abd760f1%22:%91%22header_text_color%22%93}&#8221;]<\/p>\n<h1 style=\"text-align: center;\"><span style=\"color: #d20a11;\">Neem nu contact met ons op!<\/span><\/h1>\n<p style=\"text-align: center;\"><span style=\"color: #808080;\">Heb je vragen over onze sluitoplossingen of heb je informatiemateriaal nodig? Ons serviceteam helpt je graag! We horen graag van je.<\/span><\/p>\n<p>[\/et_pb_text][et_pb_contact_form captcha=&#8221;off&#8221; email=&#8221;nl-simonsvoss@allegion.com&#8221; custom_message=&#8221;Nieuw bericht van het SimonsVoss Magazine contactformulier:||et_pb_line_break_holder||||et_pb_line_break_holder|Naam: %%Naam% ||et_pb_line_break_holder| E-mail: %%Email%%|et_pb_line_break_holder||Bedrijf: %%Bedrijf%% ||et_pb_line_break_holder|Telefoon (optioneel): %%Telefoonnummer%% ||et_pb_line_break_holder||||et_pb_line_break_holder|| Ontvangen bericht: ||et_pb_line_break_holder||%Bericht%%&#8221; use_redirect=&#8221;on&#8221; redirect_url=&#8221;https:\/\/blog.simons-voss.com\/nl\/bedankt-voor-je-bericht\/&#8221; submit_button_text=&#8221;Nu verzenden!&#8221; _builder_version=&#8221;4.16&#8243; _module_preset=&#8221;default&#8221; _unique_id=&#8221;c466609f-1006-4f54-b783-406b9dc5c852&#8243; global_colors_info=&#8221;{}&#8221;][et_pb_contact_field field_id=&#8221;Name&#8221; field_title=&#8221;Naam*&#8221; _builder_version=&#8221;4.16&#8243; global_colors_info=&#8221;{}&#8221; button_text_size__hover_enabled=&#8221;off&#8221; button_one_text_size__hover_enabled=&#8221;off&#8221; button_two_text_size__hover_enabled=&#8221;off&#8221; button_text_color__hover_enabled=&#8221;off&#8221; button_one_text_color__hover_enabled=&#8221;off&#8221; button_two_text_color__hover_enabled=&#8221;off&#8221; button_border_width__hover_enabled=&#8221;off&#8221; button_one_border_width__hover_enabled=&#8221;off&#8221; button_two_border_width__hover_enabled=&#8221;off&#8221; button_border_color__hover_enabled=&#8221;off&#8221; button_one_border_color__hover_enabled=&#8221;off&#8221; button_two_border_color__hover_enabled=&#8221;off&#8221; button_border_radius__hover_enabled=&#8221;off&#8221; button_one_border_radius__hover_enabled=&#8221;off&#8221; button_two_border_radius__hover_enabled=&#8221;off&#8221; button_letter_spacing__hover_enabled=&#8221;off&#8221; button_one_letter_spacing__hover_enabled=&#8221;off&#8221; button_two_letter_spacing__hover_enabled=&#8221;off&#8221; button_bg_color__hover_enabled=&#8221;off&#8221; button_one_bg_color__hover_enabled=&#8221;off&#8221; button_two_bg_color__hover_enabled=&#8221;off&#8221;][\/et_pb_contact_field][et_pb_contact_field field_id=&#8221;Unternehmen&#8221; field_title=&#8221;Firma*&#8221; _builder_version=&#8221;4.16&#8243; _module_preset=&#8221;default&#8221; global_colors_info=&#8221;{}&#8221;][\/et_pb_contact_field][et_pb_contact_field field_id=&#8221;Email&#8221; field_title=&#8221;E-mail*&#8221; field_type=&#8221;email&#8221; _builder_version=&#8221;4.16&#8243; global_colors_info=&#8221;{}&#8221; button_text_size__hover_enabled=&#8221;off&#8221; button_one_text_size__hover_enabled=&#8221;off&#8221; button_two_text_size__hover_enabled=&#8221;off&#8221; button_text_color__hover_enabled=&#8221;off&#8221; button_one_text_color__hover_enabled=&#8221;off&#8221; button_two_text_color__hover_enabled=&#8221;off&#8221; button_border_width__hover_enabled=&#8221;off&#8221; button_one_border_width__hover_enabled=&#8221;off&#8221; button_two_border_width__hover_enabled=&#8221;off&#8221; button_border_color__hover_enabled=&#8221;off&#8221; button_one_border_color__hover_enabled=&#8221;off&#8221; button_two_border_color__hover_enabled=&#8221;off&#8221; button_border_radius__hover_enabled=&#8221;off&#8221; button_one_border_radius__hover_enabled=&#8221;off&#8221; button_two_border_radius__hover_enabled=&#8221;off&#8221; button_letter_spacing__hover_enabled=&#8221;off&#8221; button_one_letter_spacing__hover_enabled=&#8221;off&#8221; button_two_letter_spacing__hover_enabled=&#8221;off&#8221; button_bg_color__hover_enabled=&#8221;off&#8221; button_one_bg_color__hover_enabled=&#8221;off&#8221; button_two_bg_color__hover_enabled=&#8221;off&#8221;][\/et_pb_contact_field][et_pb_contact_field field_id=&#8221;Telefonnummer&#8221; field_title=&#8221;Telefoon&#8221; required_mark=&#8221;off&#8221; _builder_version=&#8221;4.16&#8243; _module_preset=&#8221;default&#8221; global_colors_info=&#8221;{}&#8221;][\/et_pb_contact_field][et_pb_contact_field field_id=&#8221;Message&#8221; field_title=&#8221;Uw bericht aan ons&#8221; field_type=&#8221;text&#8221; fullwidth_field=&#8221;on&#8221; _builder_version=&#8221;4.16&#8243; global_colors_info=&#8221;{}&#8221; button_text_size__hover_enabled=&#8221;off&#8221; button_one_text_size__hover_enabled=&#8221;off&#8221; button_two_text_size__hover_enabled=&#8221;off&#8221; button_text_color__hover_enabled=&#8221;off&#8221; button_one_text_color__hover_enabled=&#8221;off&#8221; button_two_text_color__hover_enabled=&#8221;off&#8221; button_border_width__hover_enabled=&#8221;off&#8221; button_one_border_width__hover_enabled=&#8221;off&#8221; button_two_border_width__hover_enabled=&#8221;off&#8221; button_border_color__hover_enabled=&#8221;off&#8221; button_one_border_color__hover_enabled=&#8221;off&#8221; button_two_border_color__hover_enabled=&#8221;off&#8221; button_border_radius__hover_enabled=&#8221;off&#8221; button_one_border_radius__hover_enabled=&#8221;off&#8221; button_two_border_radius__hover_enabled=&#8221;off&#8221; button_letter_spacing__hover_enabled=&#8221;off&#8221; button_one_letter_spacing__hover_enabled=&#8221;off&#8221; button_two_letter_spacing__hover_enabled=&#8221;off&#8221; button_bg_color__hover_enabled=&#8221;off&#8221; button_one_bg_color__hover_enabled=&#8221;off&#8221; button_two_bg_color__hover_enabled=&#8221;off&#8221;][\/et_pb_contact_field][et_pb_contact_field field_id=&#8221;Datenschutz&#8221; field_title=&#8221; &#8221; field_type=&#8221;checkbox&#8221; checkbox_options=&#8221;%91{%22value%22:%22Ik ga ermee akkoord dat mijn gegevens in het kader van dit contact door SimonsVoss Technologies worden opgeslagen en verwerkt. Voor het overige zijn de bepalingen inzake gegevensbescherming voor deze website van toepassing.* %22,%22checked%22:0,%22dragID%22:-1,%22link_url%22:%22https:\/\/www.simons-voss.com\/de\/datenschutz.html%22}%93&#8243; fullwidth_field=&#8221;on&#8221; _builder_version=&#8221;4.16&#8243; _module_preset=&#8221;default&#8221; global_colors_info=&#8221;{}&#8221;][\/et_pb_contact_field][\/et_pb_contact_form][\/et_pb_column][\/et_pb_row][\/et_pb_section]<\/p>\n","protected":false},"excerpt":{"rendered":"<p>Neem nu contact met ons op! Heb je vragen over onze sluitoplossingen of heb je informatiemateriaal nodig? Ons serviceteam helpt je graag! We horen graag van je.<\/p>\n","protected":false},"author":2,"featured_media":0,"parent":0,"menu_order":0,"comment_status":"closed","ping_status":"closed","template":"","meta":{"_et_pb_use_builder":"on","_et_pb_old_content":"","_et_gb_content_width":"","footnotes":""},"class_list":["post-1159","page","type-page","status-publish","hentry"],"yoast_head":"<!-- This site is optimized with the Yoast SEO plugin v27.5 - https:\/\/yoast.com\/product\/yoast-seo-wordpress\/ -->\n<title>Neem contact op met ons team! \u00bb SimonsVoss Magazine<\/title>\n<meta name=\"description\" content=\"Ben je ge\u00efnteresseerd in digitale sluittechnologie of heb je vragen over de inhoud van ons magazine? We horen graag van je!\" \/>\n<meta name=\"robots\" content=\"noindex, follow\" \/>\n<meta property=\"og:locale\" content=\"nl_NL\" \/>\n<meta property=\"og:type\" content=\"article\" \/>\n<meta property=\"og:title\" content=\"Neem contact op met ons team! \u00bb SimonsVoss Magazine\" \/>\n<meta property=\"og:description\" content=\"Ben je ge\u00efnteresseerd in digitale sluittechnologie of heb je vragen over de inhoud van ons magazine? We horen graag van je!\" \/>\n<meta property=\"og:url\" content=\"https:\/\/blog.simons-voss.com\/nl\/contact\/\" \/>\n<meta property=\"og:site_name\" content=\"SimonsVoss Magazin\" \/>\n<meta property=\"article:modified_time\" content=\"2024-12-11T11:44:43+00:00\" \/>\n<meta property=\"og:image\" content=\"https:\/\/blog.simons-voss.com\/wp-content\/uploads\/2023\/07\/SV-logo.png\" \/>\n\t<meta property=\"og:image:width\" content=\"600\" \/>\n\t<meta property=\"og:image:height\" content=\"154\" \/>\n\t<meta property=\"og:image:type\" content=\"image\/png\" \/>\n<meta name=\"twitter:card\" content=\"summary_large_image\" \/>\n<meta name=\"twitter:label1\" content=\"Geschatte leestijd\" \/>\n\t<meta name=\"twitter:data1\" content=\"4 minuten\" \/>\n<script type=\"application\/ld+json\" class=\"yoast-schema-graph\">{\"@context\":\"https:\\\/\\\/schema.org\",\"@graph\":[{\"@type\":\"WebPage\",\"@id\":\"https:\\\/\\\/blog.simons-voss.com\\\/nl\\\/contact\\\/\",\"url\":\"https:\\\/\\\/blog.simons-voss.com\\\/nl\\\/contact\\\/\",\"name\":\"Neem contact op met ons team! \u00bb SimonsVoss Magazine\",\"isPartOf\":{\"@id\":\"https:\\\/\\\/blog.simons-voss.com\\\/nl\\\/#website\"},\"datePublished\":\"2023-07-03T18:32:09+00:00\",\"dateModified\":\"2024-12-11T11:44:43+00:00\",\"description\":\"Ben je ge\u00efnteresseerd in digitale sluittechnologie of heb je vragen over de inhoud van ons magazine? We horen graag van je!\",\"breadcrumb\":{\"@id\":\"https:\\\/\\\/blog.simons-voss.com\\\/nl\\\/contact\\\/#breadcrumb\"},\"inLanguage\":\"nl-NL\",\"potentialAction\":[{\"@type\":\"ReadAction\",\"target\":[\"https:\\\/\\\/blog.simons-voss.com\\\/nl\\\/contact\\\/\"]}]},{\"@type\":\"BreadcrumbList\",\"@id\":\"https:\\\/\\\/blog.simons-voss.com\\\/nl\\\/contact\\\/#breadcrumb\",\"itemListElement\":[{\"@type\":\"ListItem\",\"position\":1,\"name\":\"Startseite\",\"item\":\"https:\\\/\\\/blog.simons-voss.com\\\/nl\\\/\"},{\"@type\":\"ListItem\",\"position\":2,\"name\":\"Contact\"}]},{\"@type\":\"WebSite\",\"@id\":\"https:\\\/\\\/blog.simons-voss.com\\\/nl\\\/#website\",\"url\":\"https:\\\/\\\/blog.simons-voss.com\\\/nl\\\/\",\"name\":\"SimonsVoss Magazin\",\"description\":\"Alles, was Sie \u00fcber digitale Schlie\u00dfsysteme wissen m\u00fcssen!\",\"publisher\":{\"@id\":\"https:\\\/\\\/blog.simons-voss.com\\\/nl\\\/#organization\"},\"potentialAction\":[{\"@type\":\"SearchAction\",\"target\":{\"@type\":\"EntryPoint\",\"urlTemplate\":\"https:\\\/\\\/blog.simons-voss.com\\\/nl\\\/?s={search_term_string}\"},\"query-input\":{\"@type\":\"PropertyValueSpecification\",\"valueRequired\":true,\"valueName\":\"search_term_string\"}}],\"inLanguage\":\"nl-NL\"},{\"@type\":\"Organization\",\"@id\":\"https:\\\/\\\/blog.simons-voss.com\\\/nl\\\/#organization\",\"name\":\"SimonsVoss Technologies GmbH\",\"url\":\"https:\\\/\\\/blog.simons-voss.com\\\/nl\\\/\",\"logo\":{\"@type\":\"ImageObject\",\"inLanguage\":\"nl-NL\",\"@id\":\"https:\\\/\\\/blog.simons-voss.com\\\/nl\\\/#\\\/schema\\\/logo\\\/image\\\/\",\"url\":\"https:\\\/\\\/blog.simons-voss.com\\\/wp-content\\\/uploads\\\/2023\\\/07\\\/SV-logo.png\",\"contentUrl\":\"https:\\\/\\\/blog.simons-voss.com\\\/wp-content\\\/uploads\\\/2023\\\/07\\\/SV-logo.png\",\"width\":600,\"height\":154,\"caption\":\"SimonsVoss Technologies GmbH\"},\"image\":{\"@id\":\"https:\\\/\\\/blog.simons-voss.com\\\/nl\\\/#\\\/schema\\\/logo\\\/image\\\/\"},\"sameAs\":[\"https:\\\/\\\/www.linkedin.com\\\/company\\\/simonsvoss\\\/\",\"https:\\\/\\\/www.youtube.com\\\/channel\\\/UCv-1cCpIedcgsgZzGbOohdQ\"]}]}<\/script>\n<!-- \/ Yoast SEO plugin. -->","yoast_head_json":{"title":"Neem contact op met ons team! \u00bb SimonsVoss Magazine","description":"Ben je ge\u00efnteresseerd in digitale sluittechnologie of heb je vragen over de inhoud van ons magazine? We horen graag van je!","robots":{"index":"noindex","follow":"follow"},"og_locale":"nl_NL","og_type":"article","og_title":"Neem contact op met ons team! \u00bb SimonsVoss Magazine","og_description":"Ben je ge\u00efnteresseerd in digitale sluittechnologie of heb je vragen over de inhoud van ons magazine? We horen graag van je!","og_url":"https:\/\/blog.simons-voss.com\/nl\/contact\/","og_site_name":"SimonsVoss Magazin","article_modified_time":"2024-12-11T11:44:43+00:00","og_image":[{"width":600,"height":154,"url":"https:\/\/blog.simons-voss.com\/wp-content\/uploads\/2023\/07\/SV-logo.png","type":"image\/png"}],"twitter_card":"summary_large_image","twitter_misc":{"Geschatte leestijd":"4 minuten"},"schema":{"@context":"https:\/\/schema.org","@graph":[{"@type":"WebPage","@id":"https:\/\/blog.simons-voss.com\/nl\/contact\/","url":"https:\/\/blog.simons-voss.com\/nl\/contact\/","name":"Neem contact op met ons team! \u00bb SimonsVoss Magazine","isPartOf":{"@id":"https:\/\/blog.simons-voss.com\/nl\/#website"},"datePublished":"2023-07-03T18:32:09+00:00","dateModified":"2024-12-11T11:44:43+00:00","description":"Ben je ge\u00efnteresseerd in digitale sluittechnologie of heb je vragen over de inhoud van ons magazine? We horen graag van je!","breadcrumb":{"@id":"https:\/\/blog.simons-voss.com\/nl\/contact\/#breadcrumb"},"inLanguage":"nl-NL","potentialAction":[{"@type":"ReadAction","target":["https:\/\/blog.simons-voss.com\/nl\/contact\/"]}]},{"@type":"BreadcrumbList","@id":"https:\/\/blog.simons-voss.com\/nl\/contact\/#breadcrumb","itemListElement":[{"@type":"ListItem","position":1,"name":"Startseite","item":"https:\/\/blog.simons-voss.com\/nl\/"},{"@type":"ListItem","position":2,"name":"Contact"}]},{"@type":"WebSite","@id":"https:\/\/blog.simons-voss.com\/nl\/#website","url":"https:\/\/blog.simons-voss.com\/nl\/","name":"SimonsVoss Magazin","description":"Alles, was Sie \u00fcber digitale Schlie\u00dfsysteme wissen m\u00fcssen!","publisher":{"@id":"https:\/\/blog.simons-voss.com\/nl\/#organization"},"potentialAction":[{"@type":"SearchAction","target":{"@type":"EntryPoint","urlTemplate":"https:\/\/blog.simons-voss.com\/nl\/?s={search_term_string}"},"query-input":{"@type":"PropertyValueSpecification","valueRequired":true,"valueName":"search_term_string"}}],"inLanguage":"nl-NL"},{"@type":"Organization","@id":"https:\/\/blog.simons-voss.com\/nl\/#organization","name":"SimonsVoss Technologies GmbH","url":"https:\/\/blog.simons-voss.com\/nl\/","logo":{"@type":"ImageObject","inLanguage":"nl-NL","@id":"https:\/\/blog.simons-voss.com\/nl\/#\/schema\/logo\/image\/","url":"https:\/\/blog.simons-voss.com\/wp-content\/uploads\/2023\/07\/SV-logo.png","contentUrl":"https:\/\/blog.simons-voss.com\/wp-content\/uploads\/2023\/07\/SV-logo.png","width":600,"height":154,"caption":"SimonsVoss Technologies GmbH"},"image":{"@id":"https:\/\/blog.simons-voss.com\/nl\/#\/schema\/logo\/image\/"},"sameAs":["https:\/\/www.linkedin.com\/company\/simonsvoss\/","https:\/\/www.youtube.com\/channel\/UCv-1cCpIedcgsgZzGbOohdQ"]}]}},"_links":{"self":[{"href":"https:\/\/blog.simons-voss.com\/nl\/wp-json\/wp\/v2\/pages\/1159","targetHints":{"allow":["GET"]}}],"collection":[{"href":"https:\/\/blog.simons-voss.com\/nl\/wp-json\/wp\/v2\/pages"}],"about":[{"href":"https:\/\/blog.simons-voss.com\/nl\/wp-json\/wp\/v2\/types\/page"}],"author":[{"embeddable":true,"href":"https:\/\/blog.simons-voss.com\/nl\/wp-json\/wp\/v2\/users\/2"}],"replies":[{"embeddable":true,"href":"https:\/\/blog.simons-voss.com\/nl\/wp-json\/wp\/v2\/comments?post=1159"}],"version-history":[{"count":6,"href":"https:\/\/blog.simons-voss.com\/nl\/wp-json\/wp\/v2\/pages\/1159\/revisions"}],"predecessor-version":[{"id":4306,"href":"https:\/\/blog.simons-voss.com\/nl\/wp-json\/wp\/v2\/pages\/1159\/revisions\/4306"}],"wp:attachment":[{"href":"https:\/\/blog.simons-voss.com\/nl\/wp-json\/wp\/v2\/media?parent=1159"}],"curies":[{"name":"wp","href":"https:\/\/api.w.org\/{rel}","templated":true}]}}