{"id":4085,"date":"2024-12-04T11:49:30","date_gmt":"2024-12-04T10:49:30","guid":{"rendered":"https:\/\/blog.simons-voss.com\/contact\/"},"modified":"2024-12-04T11:52:08","modified_gmt":"2024-12-04T10:52:08","slug":"contact","status":"publish","type":"page","link":"https:\/\/blog.simons-voss.com\/fr\/contact\/","title":{"rendered":"Contact"},"content":{"rendered":"<p>[et_pb_section fb_built=\u00a0\u00bb1&Prime; _builder_version=\u00a0\u00bb4.16&Prime; _module_preset=\u00a0\u00bbdefault\u00a0\u00bb global_colors_info=\u00a0\u00bb{}\u00a0\u00bb][et_pb_row _builder_version=\u00a0\u00bb4.16&Prime; _module_preset=\u00a0\u00bbdefault\u00a0\u00bb global_colors_info=\u00a0\u00bb{}\u00a0\u00bb][et_pb_column type=\u00a0\u00bb4_4&Prime; _builder_version=\u00a0\u00bb4.16&Prime; _module_preset=\u00a0\u00bbdefault\u00a0\u00bb global_colors_info=\u00a0\u00bb{}\u00a0\u00bb][et_pb_text _builder_version=\u00a0\u00bb4.16&Prime; _module_preset=\u00a0\u00bbdefault\u00a0\u00bb header_text_color=\u00a0\u00bbgcid-91d04bb3-64d6-4a61-af09-db70abd760f1&Prime; header_font_size=\u00a0\u00bb40px\u00a0\u00bb global_colors_info=\u00a0\u00bb{%22gcid-91d04bb3-64d6-4a61-af09-db70abd760f1%22:%91%22header_text_color%22%93}\u00a0\u00bb]<\/p>\n<h1 style=\"text-align: center;\"><span style=\"color: #d20a11;\">Contactez-nous d\u00e8s maintenant !<\/span><\/h1>\n<p style=\"text-align: center;\"><span style=\"color: #808080;\">Vous avez des questions sur nos solutions de fermeture ou vous avez besoin de mat\u00e9riel d&rsquo;information ? Notre \u00e9quipe de service se fera un plaisir de vous aider ! N&rsquo;h\u00e9sitez pas \u00e0 nous contacter.  <\/span><\/p>\n<p>[\/et_pb_text][et_pb_contact_form captcha=\u00a0\u00bboff\u00a0\u00bb email=\u00a0\u00bbfrance-simonsvoss@allegion.com\u00a0\u00bb custom_message=\u00a0\u00bbNouveau message du formulaire de contact du magazine SimonsVoss :||et_pb_line_break_holder||||et_pb_line_break_holder||Nom : %%Name%% ||et_pb_line_break_holder||Email : %%Email%%|et_pb_line_break_holder||entreprise : %%Unternehmen%% |et_pb_line_break_holder||T\u00e9l\u00e9phone (facultatif) : %%Telefonnummer%% |et_pb_line_break_holder||||et_pb_line_break_holder||Message re\u00e7u : |et_pb_line_break_holder||%%Message%%\u00a0\u00bb use_redirect=\u00a0\u00bbon\u00a0\u00bb redirect_url=\u00a0\u00bbhttps:\/\/blog.simons-voss.com\/danke\/\u00a0\u00bb submit_button_text=\u00a0\u00bbEnvoyez maintenant !\u00a0\u00bb _builder_version=\u00a0\u00bb4.27.0&Prime; _module_preset=\u00a0\u00bbdefault\u00a0\u00bb _unique_id=\u00a0\u00bbc466609f-1006-4f54-b783-406b9dc5c852&Prime; hover_enabled=\u00a0\u00bb0&Prime; global_colors_info=\u00a0\u00bb{}\u00a0\u00bb sticky_enabled=\u00a0\u00bb0&Prime;][et_pb_contact_field field_id=\u00a0\u00bbName\u00a0\u00bb field_title=\u00a0\u00bbNom*\u00a0\u00bb _builder_version=\u00a0\u00bb4.16&Prime; global_colors_info=\u00a0\u00bb{}\u00a0\u00bb button_text_size__hover_enabled=\u00a0\u00bboff\u00a0\u00bb button_one_text_size__hover_enabled=\u00a0\u00bboff\u00a0\u00bb button_two_text_size__hover_enabled=\u00a0\u00bboff\u00a0\u00bb button_text_color__hover_enabled=\u00a0\u00bboff\u00a0\u00bb button_one_text_color__hover_enabled=\u00a0\u00bboff\u00a0\u00bb button_two_text_color__hover_enabled=\u00a0\u00bboff\u00a0\u00bb button_border_width__hover_enabled=\u00a0\u00bboff\u00a0\u00bb button_one_border_width__hover_enabled=\u00a0\u00bboff\u00a0\u00bb button_two_border_width__hover_enabled=\u00a0\u00bboff\u00a0\u00bb button_border_color__hover_enabled=\u00a0\u00bboff\u00a0\u00bb button_one_border_color__hover_enabled=\u00a0\u00bboff\u00a0\u00bb button_two_border_color__hover_enabled=\u00a0\u00bboff\u00a0\u00bb button_border_radius__hover_enabled=\u00a0\u00bboff\u00a0\u00bb button_one_border_radius__hover_enabled=\u00a0\u00bboff\u00a0\u00bb button_two_border_radius__hover_enabled=\u00a0\u00bboff\u00a0\u00bb button_letter_spacing__hover_enabled=\u00a0\u00bboff\u00a0\u00bb button_one_letter_spacing__hover_enabled=\u00a0\u00bboff\u00a0\u00bb button_two_letter_spacing__hover_enabled=\u00a0\u00bboff\u00a0\u00bb button_bg_color__hover_enabled=\u00a0\u00bboff\u00a0\u00bb button_one_bg_color__hover_enabled=\u00a0\u00bboff\u00a0\u00bb button_two_bg_color__hover_enabled=\u00a0\u00bboff\u00a0\u00bb][\/et_pb_contact_field][et_pb_contact_field field_id=\u00a0\u00bbUnternehmen\u00a0\u00bb field_title=\u00a0\u00bbEntreprise*\u00a0\u00bb _builder_version=\u00a0\u00bb4.16&Prime; _module_preset=\u00a0\u00bbdefault\u00a0\u00bb global_colors_info=\u00a0\u00bb{}\u00a0\u00bb][\/et_pb_contact_field][et_pb_contact_field field_id=\u00a0\u00bbEmail\u00a0\u00bb field_title=\u00a0\u00bbAdresse \u00e9lectronique*\u00a0\u00bb field_type=\u00a0\u00bbemail\u00a0\u00bb _builder_version=\u00a0\u00bb4.16&Prime; global_colors_info=\u00a0\u00bb{}\u00a0\u00bb button_text_size__hover_enabled=\u00a0\u00bboff\u00a0\u00bb button_one_text_size__hover_enabled=\u00a0\u00bboff\u00a0\u00bb button_two_text_size__hover_enabled=\u00a0\u00bboff\u00a0\u00bb button_text_color__hover_enabled=\u00a0\u00bboff\u00a0\u00bb button_one_text_color__hover_enabled=\u00a0\u00bboff\u00a0\u00bb button_two_text_color__hover_enabled=\u00a0\u00bboff\u00a0\u00bb button_border_width__hover_enabled=\u00a0\u00bboff\u00a0\u00bb button_one_border_width__hover_enabled=\u00a0\u00bboff\u00a0\u00bb button_two_border_width__hover_enabled=\u00a0\u00bboff\u00a0\u00bb button_border_color__hover_enabled=\u00a0\u00bboff\u00a0\u00bb button_one_border_color__hover_enabled=\u00a0\u00bboff\u00a0\u00bb button_two_border_color__hover_enabled=\u00a0\u00bboff\u00a0\u00bb button_border_radius__hover_enabled=\u00a0\u00bboff\u00a0\u00bb button_one_border_radius__hover_enabled=\u00a0\u00bboff\u00a0\u00bb button_two_border_radius__hover_enabled=\u00a0\u00bboff\u00a0\u00bb button_letter_spacing__hover_enabled=\u00a0\u00bboff\u00a0\u00bb button_one_letter_spacing__hover_enabled=\u00a0\u00bboff\u00a0\u00bb button_two_letter_spacing__hover_enabled=\u00a0\u00bboff\u00a0\u00bb button_bg_color__hover_enabled=\u00a0\u00bboff\u00a0\u00bb button_one_bg_color__hover_enabled=\u00a0\u00bboff\u00a0\u00bb button_two_bg_color__hover_enabled=\u00a0\u00bboff\u00a0\u00bb][\/et_pb_contact_field][et_pb_contact_field _builder_version=\u00a0\u00bb4.27.0&Prime; _module_preset=\u00a0\u00bbdefault\u00a0\u00bb field_id=\u00a0\u00bbPLZ\u00a0\u00bb min_length=\u00a0\u00bb4&Prime; max_length=\u00a0\u00bb10&Prime; allowed_symbols=\u00a0\u00bbnumbers\u00a0\u00bb hover_enabled=\u00a0\u00bb0&Prime; sticky_enabled=\u00a0\u00bb0&Prime; field_title=\u00a0\u00bbCODE POSTAL*\u00a0\u00bb][\/et_pb_contact_field][et_pb_contact_field field_id=\u00a0\u00bbTelefonnummer\u00a0\u00bb field_title=\u00a0\u00bbNum\u00e9ro de t\u00e9l\u00e9phone\u00a0\u00bb required_mark=\u00a0\u00bboff\u00a0\u00bb _builder_version=\u00a0\u00bb4.27.0&Prime; _module_preset=\u00a0\u00bbdefault\u00a0\u00bb hover_enabled=\u00a0\u00bb0&Prime; global_colors_info=\u00a0\u00bb{}\u00a0\u00bb sticky_enabled=\u00a0\u00bb0&Prime;][\/et_pb_contact_field][et_pb_contact_field field_id=\u00a0\u00bbMessage\u00a0\u00bb field_title=\u00a0\u00bbVotre message pour nous\u00a0\u00bb field_type=\u00a0\u00bbtext\u00a0\u00bb fullwidth_field=\u00a0\u00bbon\u00a0\u00bb _builder_version=\u00a0\u00bb4.16&Prime; global_colors_info=\u00a0\u00bb{}\u00a0\u00bb button_text_size__hover_enabled=\u00a0\u00bboff\u00a0\u00bb button_one_text_size__hover_enabled=\u00a0\u00bboff\u00a0\u00bb button_two_text_size__hover_enabled=\u00a0\u00bboff\u00a0\u00bb button_text_color__hover_enabled=\u00a0\u00bboff\u00a0\u00bb button_one_text_color__hover_enabled=\u00a0\u00bboff\u00a0\u00bb button_two_text_color__hover_enabled=\u00a0\u00bboff\u00a0\u00bb button_border_width__hover_enabled=\u00a0\u00bboff\u00a0\u00bb button_one_border_width__hover_enabled=\u00a0\u00bboff\u00a0\u00bb button_two_border_width__hover_enabled=\u00a0\u00bboff\u00a0\u00bb button_border_color__hover_enabled=\u00a0\u00bboff\u00a0\u00bb button_one_border_color__hover_enabled=\u00a0\u00bboff\u00a0\u00bb button_two_border_color__hover_enabled=\u00a0\u00bboff\u00a0\u00bb button_border_radius__hover_enabled=\u00a0\u00bboff\u00a0\u00bb button_one_border_radius__hover_enabled=\u00a0\u00bboff\u00a0\u00bb button_two_border_radius__hover_enabled=\u00a0\u00bboff\u00a0\u00bb button_letter_spacing__hover_enabled=\u00a0\u00bboff\u00a0\u00bb button_one_letter_spacing__hover_enabled=\u00a0\u00bboff\u00a0\u00bb button_two_letter_spacing__hover_enabled=\u00a0\u00bboff\u00a0\u00bb button_bg_color__hover_enabled=\u00a0\u00bboff\u00a0\u00bb button_one_bg_color__hover_enabled=\u00a0\u00bboff\u00a0\u00bb button_two_bg_color__hover_enabled=\u00a0\u00bboff\u00a0\u00bb][\/et_pb_contact_field][et_pb_contact_field field_id=\u00a0\u00bbDatenschutz\u00a0\u00bb field_title=\u00a0\u00bb \u00a0\u00bb field_type=\u00a0\u00bbcheckbox\u00a0\u00bb checkbox_options=\u00a0\u00bb%91{%22value%22:%22J&#039;accepte que mes donn\u00e9es soient enregistr\u00e9es et trait\u00e9es par SimonsVoss Technologies dans le cadre de cette prise de contact. Pour le reste, les dispositions relatives \u00e0 la protection des donn\u00e9es pour ce site Web s&#039;appliquent*. %22,%22checked%22:0,%22dragID%22:-1,%22link_url%22:%22https:\\\/\\\/www.simons-voss.com\\\/de\\\/datenschutz.html%22}%93&Prime; fullwidth_field=\u00a0\u00bbon\u00a0\u00bb _builder_version=\u00a0\u00bb4.16&Prime; _module_preset=\u00a0\u00bbdefault\u00a0\u00bb global_colors_info=\u00a0\u00bb{}\u00a0\u00bb][\/et_pb_contact_field][\/et_pb_contact_form][\/et_pb_column][\/et_pb_row][\/et_pb_section]<\/p>\n","protected":false},"excerpt":{"rendered":"<p>Contactez-nous d\u00e8s maintenant ! Vous avez des questions sur nos solutions de fermeture ou vous avez besoin de mat\u00e9riel d&rsquo;information ? Notre \u00e9quipe de service se fera un plaisir de vous aider ! N&rsquo;h\u00e9sitez pas \u00e0 nous contacter.<\/p>\n","protected":false},"author":2,"featured_media":0,"parent":0,"menu_order":0,"comment_status":"closed","ping_status":"closed","template":"","meta":{"_et_pb_use_builder":"on","_et_pb_old_content":"","_et_gb_content_width":"","footnotes":""},"class_list":["post-4085","page","type-page","status-publish","hentry"],"yoast_head":"<!-- This site is optimized with the Yoast SEO plugin v27.5 - https:\/\/yoast.com\/product\/yoast-seo-wordpress\/ -->\n<title>Contactez notre \u00e9quipe! \u00bb Magazine SimonsVoss<\/title>\n<meta name=\"description\" content=\"Vous vous int\u00e9ressez \u00e0 la technique de fermeture num\u00e9rique ou vous avez des questions sur les contenus de notre magazine ? N&#039;h\u00e9sitez pas \u00e0 nous contacter !\" \/>\n<meta name=\"robots\" content=\"noindex, follow\" \/>\n<meta property=\"og:locale\" content=\"fr_FR\" \/>\n<meta property=\"og:type\" content=\"article\" \/>\n<meta property=\"og:title\" content=\"Contactez notre \u00e9quipe! \u00bb Magazine SimonsVoss\" \/>\n<meta property=\"og:description\" content=\"Vous vous int\u00e9ressez \u00e0 la technique de fermeture num\u00e9rique ou vous avez des questions sur les contenus de notre magazine ? N&#039;h\u00e9sitez pas \u00e0 nous contacter !\" \/>\n<meta property=\"og:url\" content=\"https:\/\/blog.simons-voss.com\/fr\/contact\/\" \/>\n<meta property=\"og:site_name\" content=\"SimonsVoss Magazin\" \/>\n<meta property=\"article:modified_time\" content=\"2024-12-04T10:52:08+00:00\" \/>\n<meta property=\"og:image\" content=\"https:\/\/blog.simons-voss.com\/wp-content\/uploads\/2023\/07\/SV-logo.png\" \/>\n\t<meta property=\"og:image:width\" content=\"600\" \/>\n\t<meta property=\"og:image:height\" content=\"154\" \/>\n\t<meta property=\"og:image:type\" content=\"image\/png\" \/>\n<meta name=\"twitter:card\" content=\"summary_large_image\" \/>\n<meta name=\"twitter:label1\" content=\"Dur\u00e9e de lecture estim\u00e9e\" \/>\n\t<meta name=\"twitter:data1\" content=\"5 minutes\" \/>\n<script type=\"application\/ld+json\" class=\"yoast-schema-graph\">{\"@context\":\"https:\\\/\\\/schema.org\",\"@graph\":[{\"@type\":\"WebPage\",\"@id\":\"https:\\\/\\\/blog.simons-voss.com\\\/fr\\\/contact\\\/\",\"url\":\"https:\\\/\\\/blog.simons-voss.com\\\/fr\\\/contact\\\/\",\"name\":\"Contactez notre \u00e9quipe! \u00bb Magazine SimonsVoss\",\"isPartOf\":{\"@id\":\"https:\\\/\\\/blog.simons-voss.com\\\/fr\\\/#website\"},\"datePublished\":\"2024-12-04T10:49:30+00:00\",\"dateModified\":\"2024-12-04T10:52:08+00:00\",\"description\":\"Vous vous int\u00e9ressez \u00e0 la technique de fermeture num\u00e9rique ou vous avez des questions sur les contenus de notre magazine ? N'h\u00e9sitez pas \u00e0 nous contacter !\",\"breadcrumb\":{\"@id\":\"https:\\\/\\\/blog.simons-voss.com\\\/fr\\\/contact\\\/#breadcrumb\"},\"inLanguage\":\"fr-FR\",\"potentialAction\":[{\"@type\":\"ReadAction\",\"target\":[\"https:\\\/\\\/blog.simons-voss.com\\\/fr\\\/contact\\\/\"]}]},{\"@type\":\"BreadcrumbList\",\"@id\":\"https:\\\/\\\/blog.simons-voss.com\\\/fr\\\/contact\\\/#breadcrumb\",\"itemListElement\":[{\"@type\":\"ListItem\",\"position\":1,\"name\":\"Startseite\",\"item\":\"https:\\\/\\\/blog.simons-voss.com\\\/fr\\\/\"},{\"@type\":\"ListItem\",\"position\":2,\"name\":\"Contact\"}]},{\"@type\":\"WebSite\",\"@id\":\"https:\\\/\\\/blog.simons-voss.com\\\/fr\\\/#website\",\"url\":\"https:\\\/\\\/blog.simons-voss.com\\\/fr\\\/\",\"name\":\"SimonsVoss Magazin\",\"description\":\"Alles, was Sie \u00fcber digitale Schlie\u00dfsysteme wissen m\u00fcssen!\",\"publisher\":{\"@id\":\"https:\\\/\\\/blog.simons-voss.com\\\/fr\\\/#organization\"},\"potentialAction\":[{\"@type\":\"SearchAction\",\"target\":{\"@type\":\"EntryPoint\",\"urlTemplate\":\"https:\\\/\\\/blog.simons-voss.com\\\/fr\\\/?s={search_term_string}\"},\"query-input\":{\"@type\":\"PropertyValueSpecification\",\"valueRequired\":true,\"valueName\":\"search_term_string\"}}],\"inLanguage\":\"fr-FR\"},{\"@type\":\"Organization\",\"@id\":\"https:\\\/\\\/blog.simons-voss.com\\\/fr\\\/#organization\",\"name\":\"SimonsVoss Technologies GmbH\",\"url\":\"https:\\\/\\\/blog.simons-voss.com\\\/fr\\\/\",\"logo\":{\"@type\":\"ImageObject\",\"inLanguage\":\"fr-FR\",\"@id\":\"https:\\\/\\\/blog.simons-voss.com\\\/fr\\\/#\\\/schema\\\/logo\\\/image\\\/\",\"url\":\"https:\\\/\\\/blog.simons-voss.com\\\/wp-content\\\/uploads\\\/2023\\\/07\\\/SV-logo.png\",\"contentUrl\":\"https:\\\/\\\/blog.simons-voss.com\\\/wp-content\\\/uploads\\\/2023\\\/07\\\/SV-logo.png\",\"width\":600,\"height\":154,\"caption\":\"SimonsVoss Technologies GmbH\"},\"image\":{\"@id\":\"https:\\\/\\\/blog.simons-voss.com\\\/fr\\\/#\\\/schema\\\/logo\\\/image\\\/\"},\"sameAs\":[\"https:\\\/\\\/www.linkedin.com\\\/company\\\/simonsvoss\\\/\",\"https:\\\/\\\/www.youtube.com\\\/channel\\\/UCv-1cCpIedcgsgZzGbOohdQ\"]}]}<\/script>\n<!-- \/ Yoast SEO plugin. -->","yoast_head_json":{"title":"Contactez notre \u00e9quipe! \u00bb Magazine SimonsVoss","description":"Vous vous int\u00e9ressez \u00e0 la technique de fermeture num\u00e9rique ou vous avez des questions sur les contenus de notre magazine ? N'h\u00e9sitez pas \u00e0 nous contacter !","robots":{"index":"noindex","follow":"follow"},"og_locale":"fr_FR","og_type":"article","og_title":"Contactez notre \u00e9quipe! \u00bb Magazine SimonsVoss","og_description":"Vous vous int\u00e9ressez \u00e0 la technique de fermeture num\u00e9rique ou vous avez des questions sur les contenus de notre magazine ? N'h\u00e9sitez pas \u00e0 nous contacter !","og_url":"https:\/\/blog.simons-voss.com\/fr\/contact\/","og_site_name":"SimonsVoss Magazin","article_modified_time":"2024-12-04T10:52:08+00:00","og_image":[{"width":600,"height":154,"url":"https:\/\/blog.simons-voss.com\/wp-content\/uploads\/2023\/07\/SV-logo.png","type":"image\/png"}],"twitter_card":"summary_large_image","twitter_misc":{"Dur\u00e9e de lecture estim\u00e9e":"5 minutes"},"schema":{"@context":"https:\/\/schema.org","@graph":[{"@type":"WebPage","@id":"https:\/\/blog.simons-voss.com\/fr\/contact\/","url":"https:\/\/blog.simons-voss.com\/fr\/contact\/","name":"Contactez notre \u00e9quipe! \u00bb Magazine SimonsVoss","isPartOf":{"@id":"https:\/\/blog.simons-voss.com\/fr\/#website"},"datePublished":"2024-12-04T10:49:30+00:00","dateModified":"2024-12-04T10:52:08+00:00","description":"Vous vous int\u00e9ressez \u00e0 la technique de fermeture num\u00e9rique ou vous avez des questions sur les contenus de notre magazine ? N'h\u00e9sitez pas \u00e0 nous contacter !","breadcrumb":{"@id":"https:\/\/blog.simons-voss.com\/fr\/contact\/#breadcrumb"},"inLanguage":"fr-FR","potentialAction":[{"@type":"ReadAction","target":["https:\/\/blog.simons-voss.com\/fr\/contact\/"]}]},{"@type":"BreadcrumbList","@id":"https:\/\/blog.simons-voss.com\/fr\/contact\/#breadcrumb","itemListElement":[{"@type":"ListItem","position":1,"name":"Startseite","item":"https:\/\/blog.simons-voss.com\/fr\/"},{"@type":"ListItem","position":2,"name":"Contact"}]},{"@type":"WebSite","@id":"https:\/\/blog.simons-voss.com\/fr\/#website","url":"https:\/\/blog.simons-voss.com\/fr\/","name":"SimonsVoss Magazin","description":"Alles, was Sie \u00fcber digitale Schlie\u00dfsysteme wissen m\u00fcssen!","publisher":{"@id":"https:\/\/blog.simons-voss.com\/fr\/#organization"},"potentialAction":[{"@type":"SearchAction","target":{"@type":"EntryPoint","urlTemplate":"https:\/\/blog.simons-voss.com\/fr\/?s={search_term_string}"},"query-input":{"@type":"PropertyValueSpecification","valueRequired":true,"valueName":"search_term_string"}}],"inLanguage":"fr-FR"},{"@type":"Organization","@id":"https:\/\/blog.simons-voss.com\/fr\/#organization","name":"SimonsVoss Technologies GmbH","url":"https:\/\/blog.simons-voss.com\/fr\/","logo":{"@type":"ImageObject","inLanguage":"fr-FR","@id":"https:\/\/blog.simons-voss.com\/fr\/#\/schema\/logo\/image\/","url":"https:\/\/blog.simons-voss.com\/wp-content\/uploads\/2023\/07\/SV-logo.png","contentUrl":"https:\/\/blog.simons-voss.com\/wp-content\/uploads\/2023\/07\/SV-logo.png","width":600,"height":154,"caption":"SimonsVoss Technologies GmbH"},"image":{"@id":"https:\/\/blog.simons-voss.com\/fr\/#\/schema\/logo\/image\/"},"sameAs":["https:\/\/www.linkedin.com\/company\/simonsvoss\/","https:\/\/www.youtube.com\/channel\/UCv-1cCpIedcgsgZzGbOohdQ"]}]}},"_links":{"self":[{"href":"https:\/\/blog.simons-voss.com\/fr\/wp-json\/wp\/v2\/pages\/4085","targetHints":{"allow":["GET"]}}],"collection":[{"href":"https:\/\/blog.simons-voss.com\/fr\/wp-json\/wp\/v2\/pages"}],"about":[{"href":"https:\/\/blog.simons-voss.com\/fr\/wp-json\/wp\/v2\/types\/page"}],"author":[{"embeddable":true,"href":"https:\/\/blog.simons-voss.com\/fr\/wp-json\/wp\/v2\/users\/2"}],"replies":[{"embeddable":true,"href":"https:\/\/blog.simons-voss.com\/fr\/wp-json\/wp\/v2\/comments?post=4085"}],"version-history":[{"count":2,"href":"https:\/\/blog.simons-voss.com\/fr\/wp-json\/wp\/v2\/pages\/4085\/revisions"}],"predecessor-version":[{"id":4087,"href":"https:\/\/blog.simons-voss.com\/fr\/wp-json\/wp\/v2\/pages\/4085\/revisions\/4087"}],"wp:attachment":[{"href":"https:\/\/blog.simons-voss.com\/fr\/wp-json\/wp\/v2\/media?parent=4085"}],"curies":[{"name":"wp","href":"https:\/\/api.w.org\/{rel}","templated":true}]}}