{"id":1457,"date":"2023-07-03T20:32:09","date_gmt":"2023-07-03T18:32:09","guid":{"rendered":"https:\/\/blog.simons-voss.com\/contact\/"},"modified":"2024-04-03T13:26:08","modified_gmt":"2024-04-03T11:26:08","slug":"contact","status":"publish","type":"page","link":"https:\/\/blog.simons-voss.com\/en\/contact\/","title":{"rendered":"Contact"},"content":{"rendered":"<p>[et_pb_section fb_built=&#8221;1&#8243; _builder_version=&#8221;4.14.8&#8243; _module_preset=&#8221;default&#8221; global_colors_info=&#8221;{}&#8221;][et_pb_row _builder_version=&#8221;4.14.8&#8243; _module_preset=&#8221;default&#8221; global_colors_info=&#8221;{}&#8221;][et_pb_column type=&#8221;4_4&#8243; _builder_version=&#8221;4.14.8&#8243; _module_preset=&#8221;default&#8221; global_colors_info=&#8221;{}&#8221;][et_pb_text _builder_version=&#8221;4.14.8&#8243; _module_preset=&#8221;default&#8221; header_text_color=&#8221;gcid-91d04bb3-64d6-4a61-af09-db70abd760f1&#8243; header_font_size=&#8221;40px&#8221; global_colors_info=&#8221;{%22gcid-91d04bb3-64d6-4a61-af09-db70abd760f1%22:%91%22header_text_color%22%93}&#8221;]<\/p>\n<h1 style=\"text-align: center;\"><span style=\"color: #d20a11;\">Contact us now!<\/span><\/h1>\n<p style=\"text-align: center;\"><span style=\"color: #808080;\">Do you have any questions about our locking solutions or do you need information material? Our service team will be happy to help you! We look forward to hearing from you.<\/span><\/p>\n<p>[\/et_pb_text][et_pb_contact_form captcha=&#8221;off&#8221; email=&#8221;uk-simonsvoss@allegion.com&#8221; custom_message=&#8221;New message from the SimonsVoss Magazine contact form:||et_pb_line_break_holder||||et_pb_line_break_holder||Name: %%Name%% ||et_pb_line_break_holder||Email: %%Email%%||et_pb_line_break_holder||Company: %%Company%% ||et_pb_line_break_holder||Phone (optional): %%Phone number%% ||et_pb_line_break_holder||||et_pb_line_break_holder||Received message: ||et_pb_line_break_holder||%%Message%%&#8221; use_redirect=&#8221;on&#8221; redirect_url=&#8221;https:\/\/blog.simons-voss.com\/danke\/&#8221; submit_button_text=&#8221;Send now!&#8221; _builder_version=&#8221;4.14.8&#8243; _module_preset=&#8221;default&#8221; _unique_id=&#8221;c466609f-1006-4f54-b783-406b9dc5c852&#8243; hover_enabled=&#8221;0&#8243; global_colors_info=&#8221;{}&#8221; sticky_enabled=&#8221;0&#8243;][et_pb_contact_field field_id=&#8221;Name&#8221; field_title=&#8221;Name*&#8221; _builder_version=&#8221;4.14.8&#8243; global_colors_info=&#8221;{}&#8221; button_text_size__hover_enabled=&#8221;off&#8221; button_one_text_size__hover_enabled=&#8221;off&#8221; button_two_text_size__hover_enabled=&#8221;off&#8221; button_text_color__hover_enabled=&#8221;off&#8221; button_one_text_color__hover_enabled=&#8221;off&#8221; button_two_text_color__hover_enabled=&#8221;off&#8221; button_border_width__hover_enabled=&#8221;off&#8221; button_one_border_width__hover_enabled=&#8221;off&#8221; button_two_border_width__hover_enabled=&#8221;off&#8221; button_border_color__hover_enabled=&#8221;off&#8221; button_one_border_color__hover_enabled=&#8221;off&#8221; button_two_border_color__hover_enabled=&#8221;off&#8221; button_border_radius__hover_enabled=&#8221;off&#8221; button_one_border_radius__hover_enabled=&#8221;off&#8221; button_two_border_radius__hover_enabled=&#8221;off&#8221; button_letter_spacing__hover_enabled=&#8221;off&#8221; button_one_letter_spacing__hover_enabled=&#8221;off&#8221; button_two_letter_spacing__hover_enabled=&#8221;off&#8221; button_bg_color__hover_enabled=&#8221;off&#8221; button_one_bg_color__hover_enabled=&#8221;off&#8221; button_two_bg_color__hover_enabled=&#8221;off&#8221;][\/et_pb_contact_field][et_pb_contact_field field_id=&#8221;Unternehmen&#8221; field_title=&#8221;Company*&#8221; _builder_version=&#8221;4.14.8&#8243; _module_preset=&#8221;default&#8221; global_colors_info=&#8221;{}&#8221;][\/et_pb_contact_field][et_pb_contact_field field_id=&#8221;Email&#8221; field_title=&#8221;E-mail address*&#8221; field_type=&#8221;email&#8221; _builder_version=&#8221;4.14.8&#8243; global_colors_info=&#8221;{}&#8221; button_text_size__hover_enabled=&#8221;off&#8221; button_one_text_size__hover_enabled=&#8221;off&#8221; button_two_text_size__hover_enabled=&#8221;off&#8221; button_text_color__hover_enabled=&#8221;off&#8221; button_one_text_color__hover_enabled=&#8221;off&#8221; button_two_text_color__hover_enabled=&#8221;off&#8221; button_border_width__hover_enabled=&#8221;off&#8221; button_one_border_width__hover_enabled=&#8221;off&#8221; button_two_border_width__hover_enabled=&#8221;off&#8221; button_border_color__hover_enabled=&#8221;off&#8221; button_one_border_color__hover_enabled=&#8221;off&#8221; button_two_border_color__hover_enabled=&#8221;off&#8221; button_border_radius__hover_enabled=&#8221;off&#8221; button_one_border_radius__hover_enabled=&#8221;off&#8221; button_two_border_radius__hover_enabled=&#8221;off&#8221; button_letter_spacing__hover_enabled=&#8221;off&#8221; button_one_letter_spacing__hover_enabled=&#8221;off&#8221; button_two_letter_spacing__hover_enabled=&#8221;off&#8221; button_bg_color__hover_enabled=&#8221;off&#8221; button_one_bg_color__hover_enabled=&#8221;off&#8221; button_two_bg_color__hover_enabled=&#8221;off&#8221;][\/et_pb_contact_field][et_pb_contact_field field_id=&#8221;Telefonnummer&#8221; field_title=&#8221;Phone number&#8221; required_mark=&#8221;off&#8221; _builder_version=&#8221;4.14.8&#8243; _module_preset=&#8221;default&#8221; global_colors_info=&#8221;{}&#8221;][\/et_pb_contact_field][et_pb_contact_field field_id=&#8221;Message&#8221; field_title=&#8221;Your message to us&#8221; field_type=&#8221;text&#8221; fullwidth_field=&#8221;on&#8221; _builder_version=&#8221;4.14.8&#8243; global_colors_info=&#8221;{}&#8221; button_text_size__hover_enabled=&#8221;off&#8221; button_one_text_size__hover_enabled=&#8221;off&#8221; button_two_text_size__hover_enabled=&#8221;off&#8221; button_text_color__hover_enabled=&#8221;off&#8221; button_one_text_color__hover_enabled=&#8221;off&#8221; button_two_text_color__hover_enabled=&#8221;off&#8221; button_border_width__hover_enabled=&#8221;off&#8221; button_one_border_width__hover_enabled=&#8221;off&#8221; button_two_border_width__hover_enabled=&#8221;off&#8221; button_border_color__hover_enabled=&#8221;off&#8221; button_one_border_color__hover_enabled=&#8221;off&#8221; button_two_border_color__hover_enabled=&#8221;off&#8221; button_border_radius__hover_enabled=&#8221;off&#8221; button_one_border_radius__hover_enabled=&#8221;off&#8221; button_two_border_radius__hover_enabled=&#8221;off&#8221; button_letter_spacing__hover_enabled=&#8221;off&#8221; button_one_letter_spacing__hover_enabled=&#8221;off&#8221; button_two_letter_spacing__hover_enabled=&#8221;off&#8221; button_bg_color__hover_enabled=&#8221;off&#8221; button_one_bg_color__hover_enabled=&#8221;off&#8221; button_two_bg_color__hover_enabled=&#8221;off&#8221;][\/et_pb_contact_field][et_pb_contact_field field_id=&#8221;Datenschutz&#8221; field_title=&#8221; &#8221; field_type=&#8221;checkbox&#8221; checkbox_options=&#8221;%91{%22value%22:%22I agree that my data will be stored and processed by SimonsVoss Technologies in the course of this contact. Otherwise, the data protection provisions for this website apply.*  %22,%22checked%22:0,%22dragID%22:-1,%22link_url%22:%22https:\/\/www.simons-voss.com\/en\/privacy-policy.html%22}%93&#8243; fullwidth_field=&#8221;on&#8221; _builder_version=&#8221;4.14.8&#8243; _module_preset=&#8221;default&#8221; hover_enabled=&#8221;0&#8243; global_colors_info=&#8221;{}&#8221; sticky_enabled=&#8221;0&#8243;][\/et_pb_contact_field][\/et_pb_contact_form][\/et_pb_column][\/et_pb_row][\/et_pb_section]<\/p>\n","protected":false},"excerpt":{"rendered":"<p>Contact us now! Do you have any questions about our locking solutions or do you need information material? Our service team will be happy to help you! We look forward to hearing from you.<\/p>\n","protected":false},"author":2,"featured_media":0,"parent":0,"menu_order":0,"comment_status":"closed","ping_status":"closed","template":"","meta":{"_et_pb_use_builder":"on","_et_pb_old_content":"","_et_gb_content_width":"","footnotes":""},"class_list":["post-1457","page","type-page","status-publish","hentry"],"yoast_head":"<!-- This site is optimized with the Yoast SEO plugin v27.6 - https:\/\/yoast.com\/product\/yoast-seo-wordpress\/ -->\n<title>Get in touch with our team! \u00bb SimonsVoss Magazine<\/title>\n<meta name=\"description\" content=\"Are you interested in digital locking technology or do you have questions about content from our magazine? We look forward to hearing from you!\" \/>\n<meta name=\"robots\" content=\"noindex, follow\" \/>\n<meta property=\"og:locale\" content=\"en_US\" \/>\n<meta property=\"og:type\" content=\"article\" \/>\n<meta property=\"og:title\" content=\"Get in touch with our team! \u00bb SimonsVoss Magazine\" \/>\n<meta property=\"og:description\" content=\"Are you interested in digital locking technology or do you have questions about content from our magazine? We look forward to hearing from you!\" \/>\n<meta property=\"og:url\" content=\"https:\/\/blog.simons-voss.com\/en\/contact\/\" \/>\n<meta property=\"og:site_name\" content=\"SimonsVoss Magazin\" \/>\n<meta property=\"article:modified_time\" content=\"2024-04-03T11:26:08+00:00\" \/>\n<meta property=\"og:image\" content=\"https:\/\/blog.simons-voss.com\/wp-content\/uploads\/2023\/07\/SV-logo.png\" \/>\n\t<meta property=\"og:image:width\" content=\"600\" \/>\n\t<meta property=\"og:image:height\" content=\"154\" \/>\n\t<meta property=\"og:image:type\" content=\"image\/png\" \/>\n<meta name=\"twitter:card\" content=\"summary_large_image\" \/>\n<meta name=\"twitter:label1\" content=\"Est. reading time\" \/>\n\t<meta name=\"twitter:data1\" content=\"4 minutes\" \/>\n<script type=\"application\/ld+json\" class=\"yoast-schema-graph\">{\"@context\":\"https:\\\/\\\/schema.org\",\"@graph\":[{\"@type\":\"WebPage\",\"@id\":\"https:\\\/\\\/blog.simons-voss.com\\\/en\\\/contact\\\/\",\"url\":\"https:\\\/\\\/blog.simons-voss.com\\\/en\\\/contact\\\/\",\"name\":\"Get in touch with our team! \u00bb SimonsVoss Magazine\",\"isPartOf\":{\"@id\":\"https:\\\/\\\/blog.simons-voss.com\\\/en\\\/#website\"},\"datePublished\":\"2023-07-03T18:32:09+00:00\",\"dateModified\":\"2024-04-03T11:26:08+00:00\",\"description\":\"Are you interested in digital locking technology or do you have questions about content from our magazine? We look forward to hearing from you!\",\"breadcrumb\":{\"@id\":\"https:\\\/\\\/blog.simons-voss.com\\\/en\\\/contact\\\/#breadcrumb\"},\"inLanguage\":\"en-US\",\"potentialAction\":[{\"@type\":\"ReadAction\",\"target\":[\"https:\\\/\\\/blog.simons-voss.com\\\/en\\\/contact\\\/\"]}]},{\"@type\":\"BreadcrumbList\",\"@id\":\"https:\\\/\\\/blog.simons-voss.com\\\/en\\\/contact\\\/#breadcrumb\",\"itemListElement\":[{\"@type\":\"ListItem\",\"position\":1,\"name\":\"Startseite\",\"item\":\"https:\\\/\\\/blog.simons-voss.com\\\/en\\\/\"},{\"@type\":\"ListItem\",\"position\":2,\"name\":\"Contact\"}]},{\"@type\":\"WebSite\",\"@id\":\"https:\\\/\\\/blog.simons-voss.com\\\/en\\\/#website\",\"url\":\"https:\\\/\\\/blog.simons-voss.com\\\/en\\\/\",\"name\":\"SimonsVoss Magazin\",\"description\":\"Alles, was Sie \u00fcber digitale Schlie\u00dfsysteme wissen m\u00fcssen!\",\"publisher\":{\"@id\":\"https:\\\/\\\/blog.simons-voss.com\\\/en\\\/#organization\"},\"potentialAction\":[{\"@type\":\"SearchAction\",\"target\":{\"@type\":\"EntryPoint\",\"urlTemplate\":\"https:\\\/\\\/blog.simons-voss.com\\\/en\\\/?s={search_term_string}\"},\"query-input\":{\"@type\":\"PropertyValueSpecification\",\"valueRequired\":true,\"valueName\":\"search_term_string\"}}],\"inLanguage\":\"en-US\"},{\"@type\":\"Organization\",\"@id\":\"https:\\\/\\\/blog.simons-voss.com\\\/en\\\/#organization\",\"name\":\"SimonsVoss Technologies GmbH\",\"url\":\"https:\\\/\\\/blog.simons-voss.com\\\/en\\\/\",\"logo\":{\"@type\":\"ImageObject\",\"inLanguage\":\"en-US\",\"@id\":\"https:\\\/\\\/blog.simons-voss.com\\\/en\\\/#\\\/schema\\\/logo\\\/image\\\/\",\"url\":\"https:\\\/\\\/blog.simons-voss.com\\\/wp-content\\\/uploads\\\/2023\\\/07\\\/SV-logo.png\",\"contentUrl\":\"https:\\\/\\\/blog.simons-voss.com\\\/wp-content\\\/uploads\\\/2023\\\/07\\\/SV-logo.png\",\"width\":600,\"height\":154,\"caption\":\"SimonsVoss Technologies GmbH\"},\"image\":{\"@id\":\"https:\\\/\\\/blog.simons-voss.com\\\/en\\\/#\\\/schema\\\/logo\\\/image\\\/\"},\"sameAs\":[\"https:\\\/\\\/www.linkedin.com\\\/company\\\/simonsvoss\\\/\",\"https:\\\/\\\/www.youtube.com\\\/channel\\\/UCv-1cCpIedcgsgZzGbOohdQ\"]}]}<\/script>\n<!-- \/ Yoast SEO plugin. -->","yoast_head_json":{"title":"Get in touch with our team! \u00bb SimonsVoss Magazine","description":"Are you interested in digital locking technology or do you have questions about content from our magazine? We look forward to hearing from you!","robots":{"index":"noindex","follow":"follow"},"og_locale":"en_US","og_type":"article","og_title":"Get in touch with our team! \u00bb SimonsVoss Magazine","og_description":"Are you interested in digital locking technology or do you have questions about content from our magazine? We look forward to hearing from you!","og_url":"https:\/\/blog.simons-voss.com\/en\/contact\/","og_site_name":"SimonsVoss Magazin","article_modified_time":"2024-04-03T11:26:08+00:00","og_image":[{"width":600,"height":154,"url":"https:\/\/blog.simons-voss.com\/wp-content\/uploads\/2023\/07\/SV-logo.png","type":"image\/png"}],"twitter_card":"summary_large_image","twitter_misc":{"Est. reading time":"4 minutes"},"schema":{"@context":"https:\/\/schema.org","@graph":[{"@type":"WebPage","@id":"https:\/\/blog.simons-voss.com\/en\/contact\/","url":"https:\/\/blog.simons-voss.com\/en\/contact\/","name":"Get in touch with our team! \u00bb SimonsVoss Magazine","isPartOf":{"@id":"https:\/\/blog.simons-voss.com\/en\/#website"},"datePublished":"2023-07-03T18:32:09+00:00","dateModified":"2024-04-03T11:26:08+00:00","description":"Are you interested in digital locking technology or do you have questions about content from our magazine? We look forward to hearing from you!","breadcrumb":{"@id":"https:\/\/blog.simons-voss.com\/en\/contact\/#breadcrumb"},"inLanguage":"en-US","potentialAction":[{"@type":"ReadAction","target":["https:\/\/blog.simons-voss.com\/en\/contact\/"]}]},{"@type":"BreadcrumbList","@id":"https:\/\/blog.simons-voss.com\/en\/contact\/#breadcrumb","itemListElement":[{"@type":"ListItem","position":1,"name":"Startseite","item":"https:\/\/blog.simons-voss.com\/en\/"},{"@type":"ListItem","position":2,"name":"Contact"}]},{"@type":"WebSite","@id":"https:\/\/blog.simons-voss.com\/en\/#website","url":"https:\/\/blog.simons-voss.com\/en\/","name":"SimonsVoss Magazin","description":"Alles, was Sie \u00fcber digitale Schlie\u00dfsysteme wissen m\u00fcssen!","publisher":{"@id":"https:\/\/blog.simons-voss.com\/en\/#organization"},"potentialAction":[{"@type":"SearchAction","target":{"@type":"EntryPoint","urlTemplate":"https:\/\/blog.simons-voss.com\/en\/?s={search_term_string}"},"query-input":{"@type":"PropertyValueSpecification","valueRequired":true,"valueName":"search_term_string"}}],"inLanguage":"en-US"},{"@type":"Organization","@id":"https:\/\/blog.simons-voss.com\/en\/#organization","name":"SimonsVoss Technologies GmbH","url":"https:\/\/blog.simons-voss.com\/en\/","logo":{"@type":"ImageObject","inLanguage":"en-US","@id":"https:\/\/blog.simons-voss.com\/en\/#\/schema\/logo\/image\/","url":"https:\/\/blog.simons-voss.com\/wp-content\/uploads\/2023\/07\/SV-logo.png","contentUrl":"https:\/\/blog.simons-voss.com\/wp-content\/uploads\/2023\/07\/SV-logo.png","width":600,"height":154,"caption":"SimonsVoss Technologies GmbH"},"image":{"@id":"https:\/\/blog.simons-voss.com\/en\/#\/schema\/logo\/image\/"},"sameAs":["https:\/\/www.linkedin.com\/company\/simonsvoss\/","https:\/\/www.youtube.com\/channel\/UCv-1cCpIedcgsgZzGbOohdQ"]}]}},"_links":{"self":[{"href":"https:\/\/blog.simons-voss.com\/en\/wp-json\/wp\/v2\/pages\/1457","targetHints":{"allow":["GET"]}}],"collection":[{"href":"https:\/\/blog.simons-voss.com\/en\/wp-json\/wp\/v2\/pages"}],"about":[{"href":"https:\/\/blog.simons-voss.com\/en\/wp-json\/wp\/v2\/types\/page"}],"author":[{"embeddable":true,"href":"https:\/\/blog.simons-voss.com\/en\/wp-json\/wp\/v2\/users\/2"}],"replies":[{"embeddable":true,"href":"https:\/\/blog.simons-voss.com\/en\/wp-json\/wp\/v2\/comments?post=1457"}],"version-history":[{"count":3,"href":"https:\/\/blog.simons-voss.com\/en\/wp-json\/wp\/v2\/pages\/1457\/revisions"}],"predecessor-version":[{"id":1533,"href":"https:\/\/blog.simons-voss.com\/en\/wp-json\/wp\/v2\/pages\/1457\/revisions\/1533"}],"wp:attachment":[{"href":"https:\/\/blog.simons-voss.com\/en\/wp-json\/wp\/v2\/media?parent=1457"}],"curies":[{"name":"wp","href":"https:\/\/api.w.org\/{rel}","templated":true}]}}